{"id":3,"date":"2023-01-25T12:32:10","date_gmt":"2023-01-25T12:32:10","guid":{"rendered":"http:\/\/multimarcarecimil.com\/?page_id=3"},"modified":"2023-12-21T08:37:15","modified_gmt":"2023-12-21T08:37:15","slug":"privacy-policy","status":"publish","type":"page","link":"https:\/\/multimarcarecimil.com\/index.php\/privacy-policy\/","title":{"rendered":"Aviso legal"},"content":{"rendered":"<p><strong>CONDICIONES GENERALES DE USO DEL SITIO WEB DE Multimarca Manuel Recimil<\/strong> S.L.multimarcarecimil.com<br \/>Multimarca Manuel Recimil S.L. (en adelante Multimarca Recimil ) con domicilio en Pol\u00edgono Industrial Lal\u00edn 2000, R\u00faa D, C15-N3 con CIF B94084944 representada por Manuel Recimil Fuentes\u00a0con NIF 52483491K pone a disposici\u00f3n en su sitio web multimarcarecimil.com determinados contenidos de car\u00e1cter informativo sobre sus actividades.<\/p>\n<p>Las presentes condiciones generales rigen \u00fanica y exclusivamente el uso del sitio web de Multimarca Recimil \u00a0por parte de los USUARIOS que accedan\u00a0al mismo. Las presentes condiciones generales se le exponen al USUARIO en el sitio web multimarcarecimil.com en todas y cada una de las p\u00e1ginas y cada vez\u00a0que un USUARIO introduce sus datos en los formularios existentes, para que las lea, las imprima, archive y acepte a trav\u00e9s de internet, no pudiendo\u00a0el USUARIO introducir sus datos efectivamente sin que se haya producido esta aceptaci\u00f3n.\u00a0<\/p>\n<p>Multimarca Manuel Recimil S.L. est\u00e1 \u00a0inscrita en el Registro Mercantil de Tomo 3833, folio 218, inscipci\u00f3n 1\u00aa con hoja PO-55075.<\/p>\n<p>El acceso al sitio web de Multimarca Recimil implica sin reservas la aceptaci\u00f3n de las presentes condiciones generales de uso que el USUARIO afirma\u00a0comprender en su totalidad. El USUARIO se compromete a no utilizar el sitio web y los servicios que se ofrecen en el mismo para la realizaci\u00f3n de\u00a0actividades contrarias a la ley y a respetar en todo momento las presentes condiciones generales.<\/p>\n<p><strong>PRIMERA.- CONDICIONES DE ACCESO Y USO \u00a0<\/strong>\u00a0 \u00a0 \u00a0 \u00a0<br \/>1.1.-La utilizaci\u00f3n del sitio web de Multimarca Recimil no conlleva la obligatoriedad de inscripci\u00f3n del USUARIO, salvo si este USUARIO desee\u00a0utilizar la base de datos de art\u00edculos existentes en multimarcarecimil.com donde ser\u00e1 preciso que se registre cubriendo un formulario b\u00e1sico, \u00e9sta suscripci\u00f3n\u00a0se regir\u00e1 por las condiciones generales espec\u00edficas. Las condiciones de acceso y uso del presente sitio web se rigen estrictamente por la legalidad\u00a0vigente y por el principio de buena fe comprometi\u00e9ndose el USUARIO a realizar un buen uso de la web. \u00a0Quedan prohibidos todos los actos que vulneren la\u00a0legalidad, derechos o intereses de terceros: derecho a la intimidad, protecci\u00f3n de datos, propiedad intelectual etc. Expresamente Multimarca Recimil\u00a0proh\u00edbe los siguientes: \u00a0 \u00a0 \u00a0 \u00a0 \u00a0 \u00a0 \u00a0 \u00a0<br \/>1.1.1.- Realizar acciones que puedan producir en el sitio web o a trav\u00e9s del mismo por cualquier medio cualquier tipo de da\u00f1o a los sistemas de\u00a0Multimarca Recimil o a terceros. \u00a0 \u00a0 \u00a0 \u00a0<br \/>1.1.2.- Realizar sin la debida autorizaci\u00f3n cualquier tipo de publicidad o informaci\u00f3n comercial directamente o de forma encubierta, el env\u00edo de\u00a0correos masivos (\u00abspaming\u00bb) o env\u00edo de grandes mensajes con el fin de bloquear servidores de la red (\u00abmail bombing\u00bb). \u00a0 \u00a0 \u00a0 \u00a0<br \/>1.2.- Multimarca Recimil podr\u00e1 interrumpir en cualquier momento el acceso a su sitio web si detecta un uso contrario a la legalidad, la buena fe o\u00a0a las presentes condiciones generales- ver cl\u00e1usula quinta. \u00a0<\/p>\n<p><strong>SEGUNDA.- CONTENIDOS. Los contenidos incorporados en este sitio web han sido elaborados e incluidos por: \u00a0<\/strong> \u00a0\u00a0\u00a0 \u00a0<br \/>2.1.- Multimarca Recimil utilizando fuentes internas y externas de tal modo que Multimarca Recimil \u00fanicamente se hace responsable por los contenidos\u00a0elaborados de forma interna. \u00a0 \u00a0 \u00a0 \u00a0 \u00a0 \u00a0<br \/>2.2.- Multimarca Recimil se reserva el derecho a modificar en cualquier momento los contenidos existentes en su sitio web. \u00a0 \u00a0 \u00a0 \u00a0 \u00a0 \u00a0<\/p>\n<p><strong>TERCERA.- DERECHOS DE AUTOR Y MARCA\u00a0<\/strong><br \/>\u00a0 \u00a0 \u00a0 \u00a0 \u00a0Multimarca Recimil informa que el sitio web multimarcarecimil.com los contenidos propios, la programaci\u00f3n y el dise\u00f1o del sitio web se encuentra\u00a0\u00a0 \u00a0 \u00a0 \u00a0 \u00a0 plenamente protegido por los derechos de autor, quedando expresamente prohibida toda reproducci\u00f3n, comunicaci\u00f3n, distribuci\u00f3n y transformaci\u00f3n\u00a0\u00a0 \u00a0 \u00a0 \u00a0 \u00a0 de los referidos elementos protegidos salvo consentimiento expreso de Multimarca Recimil. Multimarca Recimil \u00a0utiliza fuentes externas para la\u00a0\u00a0 \u00a0 \u00a0 \u00a0 \u00a0 elaboraci\u00f3n de sus contenidos en determinadas ocasiones y tambi\u00e9n establece links o hiperenlaces a art\u00edculos o informaciones de terceros citando\u00a0\u00a0 \u00a0 \u00a0 \u00a0 \u00a0 siempre la fuente. El leg\u00edtimo titular de los derechos de autor de estas informaciones as\u00ed incluidas podr\u00e1 solicitar en cualquier momento la\u00a0\u00a0 \u00a0 \u00a0 \u00a0 \u00a0 eliminaci\u00f3n de las referidas referencias.\u00a0 <\/p>\n<p><strong>CUARTA.- JURISDICCI\u00d3N Y LEY APLICABLE\u00a0<\/strong><br \/>Las presentes condiciones generales se rigen por la legislaci\u00f3n espa\u00f1ola. Son competentes para resolver toda controversia o conflicto que se derive de\u00a0las presentes condiciones generales los Juzgados de Lal\u00edn renunciando expresamente el USUARIO a cualquier otro fuero que pudiera corresponderle.<\/p>\n<p><strong>QUINTA.-<\/strong><br \/>En caso de que cualquier cl\u00e1usula del presente documento sea declarada nula, las dem\u00e1s cl\u00e1usulas seguir\u00e1n vigentes y se interpretar\u00e1n teniendo en cuenta\u00a0la voluntad de las partes y la finalidad misma de las presentes condiciones. Multimarca Recimil podr\u00e1 no ejercitar alguno de los derechos y facultades\u00a0conferidos en este documento lo que no implicar\u00e1 en ning\u00fan caso la renuncia a los mismos salvo reconocimiento expreso por parte de Multimarca Recimil<\/p>\n","protected":false},"excerpt":{"rendered":"<p>CONDICIONES GENERALES DE USO DEL SITIO WEB DE Multimarca Manuel Recimil S.L.multimarcarecimil.comMultimarca Manuel Recimil S.L. (en adelante Multimarca Recimil ) con domicilio en Pol\u00edgono Industrial Lal\u00edn 2000, R\u00faa D, C15-N3 con CIF B94084944 representada por Manuel Recimil Fuentes\u00a0con NIF 52483491K pone a disposici\u00f3n en su sitio web multimarcarecimil.com determinados contenidos de car\u00e1cter informativo sobre sus&hellip;<\/p>\n","protected":false},"author":1,"featured_media":0,"parent":0,"menu_order":0,"comment_status":"closed","ping_status":"open","template":"","meta":{"footnotes":""},"class_list":["post-3","page","type-page","status-publish","hentry","description-off"],"_links":{"self":[{"href":"https:\/\/multimarcarecimil.com\/index.php\/wp-json\/wp\/v2\/pages\/3","targetHints":{"allow":["GET"]}}],"collection":[{"href":"https:\/\/multimarcarecimil.com\/index.php\/wp-json\/wp\/v2\/pages"}],"about":[{"href":"https:\/\/multimarcarecimil.com\/index.php\/wp-json\/wp\/v2\/types\/page"}],"author":[{"embeddable":true,"href":"https:\/\/multimarcarecimil.com\/index.php\/wp-json\/wp\/v2\/users\/1"}],"replies":[{"embeddable":true,"href":"https:\/\/multimarcarecimil.com\/index.php\/wp-json\/wp\/v2\/comments?post=3"}],"version-history":[{"count":1,"href":"https:\/\/multimarcarecimil.com\/index.php\/wp-json\/wp\/v2\/pages\/3\/revisions"}],"predecessor-version":[{"id":5929,"href":"https:\/\/multimarcarecimil.com\/index.php\/wp-json\/wp\/v2\/pages\/3\/revisions\/5929"}],"wp:attachment":[{"href":"https:\/\/multimarcarecimil.com\/index.php\/wp-json\/wp\/v2\/media?parent=3"}],"curies":[{"name":"wp","href":"https:\/\/api.w.org\/{rel}","templated":true}]}}